{"id":181,"date":"2018-07-28T08:52:06","date_gmt":"2018-07-28T08:52:06","guid":{"rendered":"http:\/\/alio.az-theme.net\/?page_id=181"},"modified":"2026-02-23T17:55:08","modified_gmt":"2026-02-23T17:55:08","slug":"about-2","status":"publish","type":"page","link":"https:\/\/queeridentities.webs.upv.es\/?page_id=181","title":{"rendered":"About"},"content":{"rendered":"<div class=\"wpb-content-wrapper\"><p>[vc_row][vc_column][vc_column_text css=\u00bb\u00bb]<\/p>\n<div>\n<p>La investigaci\u00f3n presentada se sit\u00faa dentro del amplio campo de los estudios sobre diversidad sexual y de g\u00e9nero, con especial atenci\u00f3n a la conformaci\u00f3n hist\u00f3rica, cultural y pol\u00edtica de la identidad marica. Esta investigaci\u00f3n se articula en torno a tres procesos que aparecen de manera recurrente en la conformaci\u00f3n vital y simb\u00f3lica de los sujetos maricas: el rumor, la huida y el exilio. Estos tres ejes, abordados en profundidad en otros apartados de la web, permiten trazar una genealog\u00eda afectiva y cultural capaz de explicar c\u00f3mo se despliega la identidad marica desde contextos de control y silenciamiento hasta espacios de agencia, comunidad y resistencia.<\/p>\n<p>Lejos de limitarse a un an\u00e1lisis te\u00f3rico, el proyecto integra m\u00faltiples metodolog\u00edas \u2014archivo, entrevistas, autoetnograf\u00eda, an\u00e1lisis audiovisual y pr\u00e1ctica art\u00edstica contempor\u00e1nea\u2014 para comprender de qu\u00e9 modo las im\u00e1genes, los discursos y las experiencias personales configuran modos de subjetivaci\u00f3n disidentes. La tesis combina as\u00ed el estudio del contexto hist\u00f3rico y medi\u00e1tico con la producci\u00f3n de obra propia, entendiendo el arte como una herramienta cr\u00edtica para visibilizar procesos identitarios que han sido tradicionalmente relegados o silenciados.<\/p>\n<p>Uno de los pilares del proyecto es la creaci\u00f3n de este repositorio audiovisual que re\u00fane y clasifica centenares de obras relacionadas con estos tres procesos, permitiendo observar c\u00f3mo el cine y el video han participado en la construcci\u00f3n de imaginarios maricas desde finales de los a\u00f1os sesenta hasta la actualidad. Este archivo se complementa con una serie de entrevistas en profundidad y con un conjunto de instalaciones y piezas audiovisuales que funcionan como dispositivos de memoria, reflexi\u00f3n y resignificaci\u00f3n.<\/p>\n<\/div>\n<p>[\/vc_column_text][\/vc_column][\/vc_row]<\/p>\n<\/div>","protected":false},"excerpt":{"rendered":"<p>[vc_row][vc_column][vc_column_text css=\u00bb\u00bb] La investigaci\u00f3n presentada se sit\u00faa dentro del amplio campo de los estudios sobre diversidad sexual y de g\u00e9nero, con especial atenci\u00f3n a la conformaci\u00f3n hist\u00f3rica, cultural y pol\u00edtica de la identidad marica. Esta investigaci\u00f3n se articula en torno a tres procesos que aparecen de manera recurrente en la conformaci\u00f3n vital y simb\u00f3lica de [&hellip;]<\/p>\n","protected":false},"author":2,"featured_media":1398,"parent":0,"menu_order":0,"comment_status":"closed","ping_status":"closed","template":"","meta":{"footnotes":""},"class_list":["post-181","page","type-page","status-publish","has-post-thumbnail","hentry"],"_links":{"self":[{"href":"https:\/\/queeridentities.webs.upv.es\/index.php?rest_route=\/wp\/v2\/pages\/181","targetHints":{"allow":["GET"]}}],"collection":[{"href":"https:\/\/queeridentities.webs.upv.es\/index.php?rest_route=\/wp\/v2\/pages"}],"about":[{"href":"https:\/\/queeridentities.webs.upv.es\/index.php?rest_route=\/wp\/v2\/types\/page"}],"author":[{"embeddable":true,"href":"https:\/\/queeridentities.webs.upv.es\/index.php?rest_route=\/wp\/v2\/users\/2"}],"replies":[{"embeddable":true,"href":"https:\/\/queeridentities.webs.upv.es\/index.php?rest_route=%2Fwp%2Fv2%2Fcomments&post=181"}],"version-history":[{"count":4,"href":"https:\/\/queeridentities.webs.upv.es\/index.php?rest_route=\/wp\/v2\/pages\/181\/revisions"}],"predecessor-version":[{"id":1404,"href":"https:\/\/queeridentities.webs.upv.es\/index.php?rest_route=\/wp\/v2\/pages\/181\/revisions\/1404"}],"wp:featuredmedia":[{"embeddable":true,"href":"https:\/\/queeridentities.webs.upv.es\/index.php?rest_route=\/wp\/v2\/media\/1398"}],"wp:attachment":[{"href":"https:\/\/queeridentities.webs.upv.es\/index.php?rest_route=%2Fwp%2Fv2%2Fmedia&parent=181"}],"curies":[{"name":"wp","href":"https:\/\/api.w.org\/{rel}","templated":true}]}}